{"id":59,"date":"2021-11-21T17:36:48","date_gmt":"2021-11-21T17:36:48","guid":{"rendered":"https:\/\/www.interomnia.hr\/?page_id=59"},"modified":"2023-03-27T08:34:51","modified_gmt":"2023-03-27T08:34:51","slug":"drustvena-odgovornost","status":"publish","type":"page","link":"https:\/\/www.interomnia.hr\/hr\/drustvena-odgovornost\/","title":{"rendered":"DRU\u0160TVENA ODGOVORNOST"},"content":{"rendered":"\n<p>Dru\u0161tveno odgovorno poslovanje jedna je od na\u0161ih temeljnih vrijednosti, te smo odlu\u010dili podr\u017eati sljede\u0107a doga\u0111anja i organizacije kroz sponzorstva i donacije:<\/p>\n\n\n\n<p>\u00b7 Pomo\u0107 stradalima od poplave<\/p>\n\n\n\n<p>\u00b7 Pu\u010dka kulturna udruga Srebrena Marina<\/p>\n\n\n\n<p>\u00b7 Me\u0111unarodni institut prirodnog zdravlja<\/p>\n\n\n\n<p>\u00b7 Fiumanka 2014<\/p>\n\n\n\n<p>\u00b7 KBC Rijeka \u2013 donacija Klinici za pedijatriju<\/p>\n\n\n\n<p>\u00b7 Vindija baseball klub<\/p>\n\n\n\n<p>\u00b7 Turisti\u010dka zajednica grada Siska \u2013 \u201eBo\u017ei\u0107 u gradu\u201c<\/p>\n\n\n\n<p>\u00b7 KK Cedevita<\/p>\n\n\n\n<p>\u00b7 IV NAKLADNI\u0160TVO \u2013 Internet, ovisnost i mladi<\/p>\n\n\n\n<p>\u00b7 \u017denski rukometni klub Zamet Rijeka<\/p>\n\n\n\n<p>\u00b7 Vaterpolski klub JUG Adriatic osiguranje iz Dubrovnika<\/p>\n\n\n\n<p>\u00b7 Gimnazija Andrije Mohorovin\u010di\u0107a iz Rijeke<\/p>\n\n\n\n<p>\u00b7 Humanitarna organizacija Dora iz Zagreba<\/p>\n\n\n\n<p>\u00b7 Udruga za poticanje I razvoj obrazovanja Servus<\/p>\n\n\n\n<p>\u00b7 Vaterpolski klub Primorje \u2013 Erste bank<\/p>\n\n\n\n<p>\u00b7 Gimnazija Andrije Mohorovi\u010di\u0107a<\/p>\n\n\n\n<p>\u00b7 udruga Pomak, Kutina<\/p>\n\n\n\n<p>\u00b7 klub Hokej na ledu, Sisak<\/p>\n\n\n\n<p>\u00b7 Udruga Sijede vlasi, Zagreb,<\/p>\n\n\n\n<p>\u00b7 Klub Powerlifting&amp;Fitnes, \u0160ibenik (de\u010dko diza\u010d utega iz \u0160ibenika)<\/p>\n\n\n\n<p>\u00b7 Udruga VOH, Zagreb<\/p>\n\n\n\n<p>\u00b7 DVD Spa\u010dva, Vinkovci<\/p>\n\n\n\n<p>\u00b7 KK Kvarner, Rijeka<\/p>\n\n\n\n<p>\u00b7 KK Sonik Puntamika, Zadar<\/p>\n\n\n\n<p>\u00b7 Bridge klub, Dubrovnik,<\/p>\n\n\n\n<p>\u00b7 Za lje\u010denje Tonke Jerkovi\u0107<\/p>\n\n\n\n<p>\u00b7 Plesni studio Celtic Fantasy, Ka\u0161ine (irski step za Iris)<\/p>\n\n\n\n<p>\u00b7 Centar za obitelj, Pitoma\u010da, za Josipa Frigana<\/p>\n\n\n\n<p>\u00b7 Nezavisni sindikat HZZO za XII sportske igre<\/p>\n","protected":false},"excerpt":{"rendered":"<p>Dru\u0161tveno odgovorno poslovanje jedna je od na\u0161ih temeljnih vrijednosti, te smo odlu\u010dili podr\u017eati sljede\u0107a doga\u0111anja i organizacije kroz sponzorstva i donacije: \u00b7 Pomo\u0107 stradalima od poplave \u00b7 Pu\u010dka kulturna udruga Srebrena Marina \u00b7 Me\u0111unarodni institut prirodnog zdravlja \u00b7 Fiumanka 2014 [&hellip;]<\/p>\n","protected":false},"author":2,"featured_media":0,"parent":0,"menu_order":0,"comment_status":"closed","ping_status":"closed","template":"","meta":{"footnotes":""},"class_list":["post-59","page","type-page","status-publish","hentry"],"_links":{"self":[{"href":"https:\/\/www.interomnia.hr\/hr\/wp-json\/wp\/v2\/pages\/59","targetHints":{"allow":["GET"]}}],"collection":[{"href":"https:\/\/www.interomnia.hr\/hr\/wp-json\/wp\/v2\/pages"}],"about":[{"href":"https:\/\/www.interomnia.hr\/hr\/wp-json\/wp\/v2\/types\/page"}],"author":[{"embeddable":true,"href":"https:\/\/www.interomnia.hr\/hr\/wp-json\/wp\/v2\/users\/2"}],"replies":[{"embeddable":true,"href":"https:\/\/www.interomnia.hr\/hr\/wp-json\/wp\/v2\/comments?post=59"}],"version-history":[{"count":9,"href":"https:\/\/www.interomnia.hr\/hr\/wp-json\/wp\/v2\/pages\/59\/revisions"}],"predecessor-version":[{"id":277,"href":"https:\/\/www.interomnia.hr\/hr\/wp-json\/wp\/v2\/pages\/59\/revisions\/277"}],"wp:attachment":[{"href":"https:\/\/www.interomnia.hr\/hr\/wp-json\/wp\/v2\/media?parent=59"}],"curies":[{"name":"wp","href":"https:\/\/api.w.org\/{rel}","templated":true}]}}