{"id":57,"date":"2021-11-21T17:36:48","date_gmt":"2021-11-21T17:36:48","guid":{"rendered":"https:\/\/www.interomnia.hr\/?page_id=57"},"modified":"2022-01-17T08:21:08","modified_gmt":"2022-01-17T08:21:08","slug":"cesta-pitanja","status":"publish","type":"page","link":"https:\/\/www.interomnia.hr\/hr\/cesta-pitanja\/","title":{"rendered":"\u010cESTA PITANJA"},"content":{"rendered":"\n<p><strong>1. Tko mo\u017ee biti sudionik tr\u017ei\u0161ta osiguranja?<\/strong><\/p>\n\n\n\n<p>Subjekte na tr\u017ei\u0161tu osiguranja u Hrvatskoj predstavljaju ugovaratelji i osiguranici, distributeri osiguranja, Hrvatski ured za osiguranje te Hrvatska agencija za nadzor financijskih usluga (HANFA) \u2013 nacionalno nadzorno tijelo, EIOPA \u2013 Europsko nadzorno tijelo za osiguranje i strukovno mirovinsko osiguranje.<\/p>\n\n\n\n<p>Osnivanje i poslovanje dru\u0161tva za posredovanje u osiguranju u Republici Hrvatskoj ure\u0111eno je Zakonom o osiguranju ( NN 30\/15, 112\/18).<\/p>\n\n\n\n<p><strong>2. \u0160to je distribucija osiguranja, a \u0161to distribucija reosiguranja?<\/strong><\/p>\n\n\n\n<p>Prema \u010dlanku 399. Zakona o osiguranju \u2013 Distribucija osiguranja je djelatnost predlaganja i sklapanja ugovora o osiguranju, savjetovanja o ugovorima o osiguranju ili obavljanja drugih pripremnih radnji za sklapanje ugovora o osiguranju, ili sklapanja takvih ugovora, ili pru\u017eanja pomo\u0107i pri upravljanju takvim ugovorima i njihovu izvr\u0161avanju, posebice u slu\u010daju rje\u0161avanja od\u0161tetnog zahtjeva, uklju\u010duju\u0107i pru\u017eanje informacija o jednom ili vi\u0161e ugovora o osiguranju u skladu s kriterijima koje odabiru stranke putem internetske stranice ili nekog drugog medija i sastavljanja rang-liste proizvoda osiguranja, uklju\u010duju\u0107i i usporedbu cijena i proizvoda ili popust na cijenu ugovora o osiguranju, ako stranka mo\u017ee izravno ili neizravno sklopiti ugovor o osiguranju na internetskoj stranici ili drugom mediju.<\/p>\n\n\n\n<p>Distribucija reosiguranja je aktivnost savjetovanja, predlaganja ili provo\u0111enja drugih poslova u pripremi sklapanja ugovora o reosiguranju, sklapanje tih ugovora ili pomo\u0107 u upravljanju tim ugovorima i njihovoj provedbi, posebice u slu\u010daju od\u0161tetnih zahtjeva, uklju\u010duju\u0107i i kada ih obavlja dru\u0161tvo za reosiguranje bez intervencije posrednika u reosiguranju.<\/p>\n\n\n\n<p><strong>3. Tko je posrednik u osiguranju, a tko posrednik u reosiguranju?<\/strong><\/p>\n\n\n\n<p>Posrednik u osiguranju je fizi\u010dka ili pravna osoba, osim dru\u0161tva za osiguranje ili dru\u0161tva za reosiguranje i njihovih zaposlenika i osim sporednog posrednika u osiguranju, koja za primitak ima pravo obavljati ili obavlja poslove distribucije osiguranja. Kategorije posrednika u osiguranju su: zastupnik u osiguranju, obrtnik zastupnik u osiguranju, dru\u0161tvo za zastupanje u osiguranju, broker u osiguranju, obrtnik broker, dru\u0161tvo za brokerske poslove u osiguranju i druge osobe prema \u010dl.402. Zakona o osiguranju.<\/p>\n\n\n\n<p>Posrednik u reosiguranju je fizi\u010dka ili pravna osoba, osim dru\u0161tva za reosiguranje ili njihovih zaposlenika, koja za primitak ima pravo obavljati ili obavlja poslove distribucije reosiguranja.<\/p>\n\n\n\n<p><strong>4. Dru\u0161tvo za brokerske poslove u osiguranju i\/ili reosiguranju<\/strong><\/p>\n\n\n\n<p>Dru\u0161tvo za brokerske poslove u osiguranju i\/ili reosiguranju je pravna osoba sa sjedi\u0161tem u RH koja po nalogu stranke obavlja poslove distribucije osiguranja i\/ili distribucije reosiguranja i upisana je u registar Agencije (HANFA) na temelju dozvole Agencije (HANFA) za obavljanje poslova distribucije osiguranja ili na temelju dozvole Agencije (HANFA) za obavljanje poslova distribucije reosiguranja.<\/p>\n\n\n\n<p><strong>5. Koje poslove obavljaju brokeri u<\/strong> <strong>osiguranju?<\/strong><\/p>\n\n\n\n<p>Brokeri u osiguranju dovode u vezu osiguranike s osiguravaju\u0107im dru\u0161tvima u cilju zaklju\u010denja ugovora o osiguranju pri \u010demu su du\u017eni \u0161tititi interese svog nalogodavca kako je propisano \u010dlancima 403. i 424. Zakona o osiguranju (NN30\/15, 112\/18). Materijalno pravni sadr\u017eaj pojma brokera nalazimo u poslovima koje obavlja posrednik (broker). Broker je osoba koja se nalazi izme\u0111u prodavatelja i kupca u svrhu olak\u0161anja kupoprodaje dobara ili usluga, a s ciljem dobivanja naknade, odnosno provizije, koja je razmjerna cijeni dobara\/usluga koja su kupljena ili prodana. Broker osiguranja je osoba razli\u010dita od osiguratelja i zastupnika osiguranja. On posreduje u distribuciji osigurateljnih proizvoda zastupaju\u0107i prvenstveno interese ugovaratelja osiguranja (ili osiguranika).<\/p>\n\n\n\n<p>Broker je profesionalac koji obavlja posao po nalogu klijenta. On je stru\u010dnjak za osigurateljno tr\u017ei\u0161te, ocjenu rizika i tehniku sklapanja ugovora o osiguranju. Procjenom razine rizika kojem je pojedini klijent izlo\u017een, predla\u017ee mu tehnike mogu\u0107e prevencije kao i na\u010dina i opsega ugovaranja optimalnog osigurateljnog pokri\u0107a za najbolju mogu\u0107u cijenu. Sklapanjem ugovora o osiguranju, posao brokera ne prestaje, ve\u0107 je isti na raspolaganju ugovaratelju osiguranja i osiguraniku vezano uz ostvarivanje njihovih prava iz sklopljenih ugovora o osiguranju u \u010dijem sklapanju je posredovao.<\/p>\n\n\n\n<p>Za detaljnije informacije o uslugama brokera u osiguranju pogledati\u00a0<a href=\"https:\/\/www.interomnia.hr\/?page_id=56\" data-type=\"URL\" data-id=\"https:\/\/www.interomnia.hr\/?page_id=56\">na\u0161e usluge.<\/a><\/p>\n\n\n\n<p><strong>6. Kako procijeniti treba li mi broker u osiguranju?<\/strong><\/p>\n\n\n\n<p>Ukoliko \u017eelite pomo\u0107 profesionalca koji \u0107e procijeniti Va\u0161u izlo\u017eenost rizicima (u poslovanju ili svakodnevnim aktivnostima) i\/ili niste zadovoljni postoje\u0107im uvjetima osiguranja i\/ili ste ograni\u010deni vremenom ili drugim resursima (Know-How, ljudski kapaciteti, financijski resursi) svakako Vam je preporu\u010dljivo kontaktirati brokera u osiguranju kako bi Vas savjetovao i vodio kroz u proces analize rizika, ugovaranja optimalnog pokri\u0107a i izvr\u0161avanja sklopljenog ugovora o osiguranju.<\/p>\n\n\n\n<p>Brokeri su ti koji \u0107e analizirati rizike kojima su njihovi klijenti, osiguranici, izlo\u017eeni u poslovanju, te ih savjetovati kako, kori\u0161tenjem specifi\u010dnih modela osiguranja, pokriti te rizike, odnosno prenijeti ih na osiguravaju\u0107e dru\u0161tvo.<\/p>\n\n\n\n<p><strong>7. Koja je razlika izme\u0111u brokera u osiguranju i zastupnika u osiguranju?<\/strong><\/p>\n\n\n\n<p>Prema \u010dl.402. Zakona o osiguranju broker u osiguranju po nalogu stranke obavlja poslove distribucije osiguranja, dok zastupnik u osiguranju obavlja poslove distribucije osiguranja u ime i za ra\u010dun jednog ili vi\u0161e dru\u0161tava za osiguranje (ili dru\u0161tava za osiguranje druge dr\u017eave \u010dlanice). Broker na tr\u017ei\u0161tu osiguranja tra\u017ei optimalno osigurateljno rje\u0161enje prilago\u0111eno potrebama klijenta.<\/p>\n\n\n\n<p>8. Jesu li nabava usluga brokera u osiguranju podlo\u017ena odredbama Zakona o javnoj nabavi?<\/p>\n\n\n\n<p>U situacijama u kojima usluge brokera ne pla\u0107a klijent (javni naru\u010ditelj), isti za anga\u017eiranje posrednika u osiguranju ne provodi postupak javne nabave, jer su usluge brokera za javnog naru\u010ditelja nenaplatne.<\/p>\n\n\n\n<p><strong>9. \u0160to zna\u010di da su usluge brokera u osiguranju za klijenta nenaplatne?<\/strong><\/p>\n\n\n\n<p>\u010clankom 435. Zakona o osiguranju u stavku 6. propisano je kako dru\u0161tvo za brokerske poslove u osiguranju i\/ili reosiguranju, broker u osiguranju i\/ili reosiguranju ili obrtnik broker u osiguranju i\/ili reosiguranju pravo na naknadu za distribuciju osiguranja ili distribuciju reosiguranja ili bilo koji drugi primitak ima od dru\u0161tva za osiguranje ili od dru\u0161tva za reosiguranje \u010diji proizvod osiguranja ili reosiguranja je distribuirao. Isti mogu pravo na naknadu ili bilo koji drugi primitak ostvariti od ugovaratelja osiguranja ili reosiguranja po \u010dijem nalogu je obavljao poslove u vezi sa sklapanjem ugovora o osiguranju ili reosiguranju ako je to navedeno u nalogu za obavljanje tih poslova. Ukoliko pravo na naknadu ili bilo koji drugi primitak ostvaruje od ugovaratelja osiguranja, tada nema pravo na proviziju ili koji drugi primitak ostvariti od dru\u0161tva za osiguranje za ugovor o osiguranju u kojem je obavljao poslove distribucije osiguranja.<\/p>\n\n\n\n<p><strong>10. \u0160to je procjena izlo\u017eenosti rizicima?<\/strong><\/p>\n\n\n\n<p>Procjena izlo\u017eenosti rizicima podrazumijeva analizu predmeta osiguranja i utjecaja potencijalnih rizika na isti uzimaju\u0107i u obzir \u0161tetni rezultat u prethodnom razdoblju i druge faktore temeljem kojih bi se procijenila vjerojatnost ostvarenja rizika u budu\u0107nosti, a od \u010dijih se posljedica mo\u017ee za\u0161tititi ugovaranjem osiguranja.<\/p>\n\n\n\n<p>Ovisno o tome radi li se o osiguranju imovine, financijskih interesa ili osoba, za procjenu rizika uzimaju se u obzir razli\u010diti \u010dimbenici: karakteristike, povijest \u0161teta, teritorijalno pokri\u0107e, izlo\u017eenost \u0161tetnim vanjskim utjecajima, aktivnosti\/djelatnost koja se obavlja, postoje\u0107e mjere za\u0161tite, i drugo.<\/p>\n\n\n\n<p><strong>11. \u0160to uklju\u010duje upravljanje rizicima?<\/strong><\/p>\n\n\n\n<p>Uklju\u010duje analizu postoje\u0107eg stanja \u2013 strukturu i karakteristike objekata osiguranja, procjenu izlo\u017eenosti rizicima, analizu cjelokupnog poslovanja i pojedinih poslovnih procesa, \u017eelje i potrebe klijenata, uzimaju\u0107i u obzir postoje\u0107e mjere za\u0161tite i iskustva sa \u0161tetama \u2013 kako napla\u0107enih, tako i otklonjenih, te prijedloge za ugovaranje osiguranja u budu\u0107nosti. Tijekom trajanja ugovora o osiguranju broker kontinuirano prati aktivnosti klijenata prilago\u0111avaju\u0107i sustav osigurateljne za\u0161tite klijenata u promjenjivim uvjetima poslovanja. U situacijama kada osigurateljno tr\u017ei\u0161te ne nudi odgovaraju\u0107e rje\u0161enje potrebama klijenta, broker inicira razvoj novih programa osiguranja u suradnji sa osiguravaju\u0107im dru\u0161tvima koja posjeduju znanje i interes da odgovore na potrebe tr\u017ei\u0161ta.<\/p>\n\n\n\n<p><strong>12. Postoje li posebni uvjeti za anga\u017eiranje brokera u osiguranju?<\/strong><\/p>\n\n\n\n<p>Za anga\u017eman brokera u osiguranju ne postoje nikakvi preduvjeti. Mada brokeri uglavnom rade sa pravnim osobama, ne postoje nikakve prepreke da posreduju i pri ugovaranju osiguranja za fizi\u010dke osobe.<\/p>\n\n\n\n<p><strong>13. Ima li smisla anga\u017eirati brokera u osiguranju ako klijent ima va\u017ee\u0107i vi\u0161egodi\u0161nji ugovor o osiguranju?<\/strong><\/p>\n\n\n\n<p>Klijent i u situaciji postojanja vi\u0161egodi\u0161njeg ugovora o osiguranju mo\u017ee anga\u017eirati brokera u osiguranju. Mogu\u0107nosti izmjena po tim ugovorima ovise o kvaliteti postoje\u0107ih ugovorenih pokri\u0107a, uskla\u0111enosti police osiguranja sa potrebama klijenta kao i o trenutku unutar vi\u0161egodi\u0161njeg ugovora u kojem se broker uklju\u010di te drugim specifi\u010dnim okolnostima. Svaki ovakav slu\u010daj potrebno je zasebno prou\u010diti i utvrditi koje opcije su klijentu na raspolaganju \u2013 njegova prava i obveze.<\/p>\n","protected":false},"excerpt":{"rendered":"<p>1. Tko mo\u017ee biti sudionik tr\u017ei\u0161ta osiguranja? Subjekte na tr\u017ei\u0161tu osiguranja u Hrvatskoj predstavljaju ugovaratelji i osiguranici, distributeri osiguranja, Hrvatski ured za osiguranje te Hrvatska agencija za nadzor financijskih usluga (HANFA) \u2013 nacionalno nadzorno tijelo, EIOPA \u2013 Europsko nadzorno tijelo [&hellip;]<\/p>\n","protected":false},"author":2,"featured_media":0,"parent":0,"menu_order":0,"comment_status":"closed","ping_status":"closed","template":"","meta":{"footnotes":""},"class_list":["post-57","page","type-page","status-publish","hentry"],"_links":{"self":[{"href":"https:\/\/www.interomnia.hr\/hr\/wp-json\/wp\/v2\/pages\/57","targetHints":{"allow":["GET"]}}],"collection":[{"href":"https:\/\/www.interomnia.hr\/hr\/wp-json\/wp\/v2\/pages"}],"about":[{"href":"https:\/\/www.interomnia.hr\/hr\/wp-json\/wp\/v2\/types\/page"}],"author":[{"embeddable":true,"href":"https:\/\/www.interomnia.hr\/hr\/wp-json\/wp\/v2\/users\/2"}],"replies":[{"embeddable":true,"href":"https:\/\/www.interomnia.hr\/hr\/wp-json\/wp\/v2\/comments?post=57"}],"version-history":[{"count":5,"href":"https:\/\/www.interomnia.hr\/hr\/wp-json\/wp\/v2\/pages\/57\/revisions"}],"predecessor-version":[{"id":227,"href":"https:\/\/www.interomnia.hr\/hr\/wp-json\/wp\/v2\/pages\/57\/revisions\/227"}],"wp:attachment":[{"href":"https:\/\/www.interomnia.hr\/hr\/wp-json\/wp\/v2\/media?parent=57"}],"curies":[{"name":"wp","href":"https:\/\/api.w.org\/{rel}","templated":true}]}}