{"id":56,"date":"2021-11-21T17:36:48","date_gmt":"2021-11-21T17:36:48","guid":{"rendered":"https:\/\/www.interomnia.hr\/?page_id=56"},"modified":"2022-01-22T09:53:06","modified_gmt":"2022-01-22T09:53:06","slug":"usluge-2","status":"publish","type":"page","link":"https:\/\/www.interomnia.hr\/hr\/usluge-2\/","title":{"rendered":"USLUGE"},"content":{"rendered":"\n<p><strong>Upravljanje rizicima je <\/strong><strong>\u010dimbenik koji mo\u017ee smanjiti tro\u0161kove \u2013 <\/strong><strong>osiguranja i \u0161teta<\/strong><strong>!<\/strong><\/p>\n\n\n\n<p>Usluga uklju\u010duje:<\/p>\n\n\n\n<ul class=\"wp-block-list\"><li><strong>Identifikaciju rizika<\/strong><\/li><li><strong>Kontrolu<\/strong><\/li><\/ul>\n\n\n\n<ul class=\"wp-block-list\"><li><strong>U\u010dinkovito upravljanje rizicima<\/strong><\/li><li><strong>Bolji uvjeti osiguranja i racionalizacija tro\u0161kova<\/strong><\/li><li><strong>Bolja kontrola procesa osiguranja i naplate \u0161teta<\/strong><\/li><li><strong>Outsourcing specifi\u010dnih i stru\u010dnih poslova vezanih uz osiguranje<\/strong><\/li><\/ul>\n\n\n\n<p>Interomnia d.o.o. je dru\u0161tvo za brokerske poslove u osiguranju i reosiguranju \u010diji tim \u010dine stru\u010dnjaci iz razli\u010ditih podru\u010dja (prava, financija, elektrotehnike, medicine, informatike,\u2026) sa dugogodi\u0161njim iskustvom u poslovima osiguranja, koji zajedni\u010dki mogu bolje razumjeti potrebe klijenata i dizajnirati im optimalna rje\u0161enja. Pomo\u0107u stru\u010dnih, fleksibilnih i inovativnih rje\u0161enja, od prijenosa rizika, dizajniranja osigurateljnih programa (Tailor made) do inovativnih na\u010dina kontrole rizika, na\u0161e usluge stvaraju novu vrijednost za klijenta. Kao broker, radimo isklju\u010divo za i u interesu klijenta.<\/p>\n\n\n\n<p>Interomnia d.o.o. kroz svoju poslovnu mre\u017eu pru\u017ea usluge klijentima u zemljama EU i regije. Kroz mre\u017eu vlastitih ureda te uz pomo\u0107 partnera, pru\u017eamo mogu\u0107nost klijentima da standardiziraju opseg i na\u010din osiguranja te da lak\u0161e prate poslovanje na tr\u017ei\u0161tima na kojima djeluju.<\/p>\n\n\n\n<p>Detaljno poznajemo proizvode osiguranja i reosiguranja te (re)osiguratelje na globalnom tr\u017ei\u0161tu kao i njihove mogu\u0107nosti.<\/p>\n\n\n\n<p>Pru\u017eamo kompletnu uslugu klijentu te iniciramo i razvijamo nove proizvode i usluge u suradnji s klijentima i osigurateljima.<\/p>\n\n\n\n<p>Klijentu pru\u017eamo cjelovitu pomo\u0107 pri ostvarivanju njegovih prava iz ugovora o osiguranju \u2013 od procjene rizika i izrade polica osiguranja, do pomo\u0107i kod naplate \u0161teta.<\/p>\n\n\n\n<p>Na\u0161im zaposlenicima omogu\u0107avamo kontinuirano usavr\u0161avanje kroz predavanja doma\u0107ih i inozemnih stru\u010dnjaka, kako bi klijentima mogli pru\u017eiti najbolju uslugu u svakom trenutku.<\/p>\n\n\n\n<p>Prema \u010dlanku 403. Zakona o osiguranju \u2013 Dru\u0161tvo za brokerske poslove u osiguranju du\u017eno je izme\u0111u ostaloga na\u010diniti odgovaraju\u0107u analizu rizika i informirati stranku u skladu s odredbama ovog Zakona, po nalogu stranke obavljati poslove distribucije osiguranja radi sklapanja ugovora o osiguranju u skladu sa zahtjevom stranke s obzirom na osigurateljno pokri\u0107e, provjeriti sadr\u017eaj police osiguranja, pru\u017eati pomo\u0107 ugovaratelju osiguranja, odnosno osiguraniku pri izvr\u0161avanju prava i obveza iz ugovora o osiguranju za vrijeme trajanja ugovora o osiguranju, i to prije i nakon nastupanja osiguranog slu\u010daja te se ponajprije brinuti da ugovaratelj osiguranja, odnosno osiguranik poduzme sve pravne radnje koje su bitne za o\u010duvanje, odnosno realizaciju prava na temelju ugovora o osiguranju u rokovima odre\u0111enim za poduzimanje pravnih radnji. Klijent ne pla\u0107a usluge brokeru\u2013 sukladno odredbama Zakona o osiguranju posrednik ima pravo na proviziju od osiguravatelja za \u010diju se ponudu klijent odlu\u010dio, po ugovoru u kojem je posredovao.<\/p>\n","protected":false},"excerpt":{"rendered":"<p>Upravljanje rizicima je \u010dimbenik koji mo\u017ee smanjiti tro\u0161kove \u2013 osiguranja i \u0161teta! Usluga uklju\u010duje: Identifikaciju rizika Kontrolu U\u010dinkovito upravljanje rizicima Bolji uvjeti osiguranja i racionalizacija tro\u0161kova Bolja kontrola procesa osiguranja i naplate \u0161teta Outsourcing specifi\u010dnih i stru\u010dnih poslova vezanih uz [&hellip;]<\/p>\n","protected":false},"author":2,"featured_media":0,"parent":0,"menu_order":0,"comment_status":"closed","ping_status":"closed","template":"","meta":{"footnotes":""},"class_list":["post-56","page","type-page","status-publish","hentry"],"_links":{"self":[{"href":"https:\/\/www.interomnia.hr\/hr\/wp-json\/wp\/v2\/pages\/56","targetHints":{"allow":["GET"]}}],"collection":[{"href":"https:\/\/www.interomnia.hr\/hr\/wp-json\/wp\/v2\/pages"}],"about":[{"href":"https:\/\/www.interomnia.hr\/hr\/wp-json\/wp\/v2\/types\/page"}],"author":[{"embeddable":true,"href":"https:\/\/www.interomnia.hr\/hr\/wp-json\/wp\/v2\/users\/2"}],"replies":[{"embeddable":true,"href":"https:\/\/www.interomnia.hr\/hr\/wp-json\/wp\/v2\/comments?post=56"}],"version-history":[{"count":3,"href":"https:\/\/www.interomnia.hr\/hr\/wp-json\/wp\/v2\/pages\/56\/revisions"}],"predecessor-version":[{"id":231,"href":"https:\/\/www.interomnia.hr\/hr\/wp-json\/wp\/v2\/pages\/56\/revisions\/231"}],"wp:attachment":[{"href":"https:\/\/www.interomnia.hr\/hr\/wp-json\/wp\/v2\/media?parent=56"}],"curies":[{"name":"wp","href":"https:\/\/api.w.org\/{rel}","templated":true}]}}