{"id":38,"date":"2021-11-21T17:22:46","date_gmt":"2021-11-21T17:22:46","guid":{"rendered":"https:\/\/www.interomnia.hr\/?page_id=38"},"modified":"2022-01-22T10:26:49","modified_gmt":"2022-01-22T10:26:49","slug":"javni-narucitelji","status":"publish","type":"page","link":"https:\/\/www.interomnia.hr\/hr\/javni-narucitelji\/","title":{"rendered":"Javni naru\u010ditelji"},"content":{"rendered":"\n<p>Analiza postoje\u0107ih ugovorenih usluga osiguranja i osigurateljnih pokri\u0107a. Identifikacija, procjena i analiza rizika te revizija postoje\u0107ih osiguranja. Priprema i izrada natje\u010dajne dokumentacije za provo\u0111enje postupka (javne) nabave za usluge osiguranja.<\/p>\n\n\n\n<p><\/p>\n\n\n\n<p>Usluga se, uglavnom, sastoji od sljede\u0107ih koraka:<\/p>\n\n\n\n<ul class=\"wp-block-list\"><li>Analiza postoje\u0107ih ugovorenih usluga osiguranja i osigurateljnih pokri\u0107a.<\/li><li>Identifikacija, procjena i analiza rizika te revizija postoje\u0107ih osiguranja.<\/li><li>Priprema i izrada natje\u010dajne dokumentacije za provo\u0111enje postupka (javne) nabave za usluge osiguranja.<\/li><li>Pomo\u0107 u analizi pristiglih ponuda.<\/li><\/ul>\n\n\n\n<ul class=\"wp-block-list\"><li>Kontrola polica osiguranja i njhove uskla\u0111enosti s ponudom iz provedenog (javnog) natje\u010daja.<\/li><li>Pomo\u0107 klijentu tijekom procesa rje\u0161avanja od\u0161tetnih zahtjeva kao i u ostvarenju njegovih prava iz ugovora o osiguranju.<\/li><\/ul>\n\n\n\n<p><strong>Aktivnosti vezane uz nabavu usluga osiguranja<\/strong><strong>:<\/strong><\/p>\n\n\n\n<p>Vode\u0107i ra\u010duna o po\u0161tivanju zakonskih obveza, poslovnoj strategiji i planovima tvrtke:<\/p>\n\n\n\n<ul class=\"wp-block-list\"><li>Broker u dogovoru s javnim naru\u010diteljem priprema natje\u010dajnu dokumentaciju za sve vrste imovinskih i ostalih osiguranja;<\/li><li>Poma\u017ee klijentu\/javnom naru\u010ditelju svojim stru\u010dnim znanjima i iskustvom tijekom procesa nabave usluga osiguranja;<\/li><li>Pru\u017ea pomo\u0107 u analizi pristiglih ponuda;<\/li><li>Provjerava to\u010dnost i uskla\u0111enost polica osiguranja sa ponudom odabranog ponuditelja temeljem provedenog (javnog) natje\u010daja;<\/li><li>Poma\u017ee klijentu u procesu rje\u0161avanja od\u0161tetnih zahtjeva i ostvarenja njegovih prava iz sklopljenih ugovora o osiguranju.<\/li><\/ul>\n\n\n\n<p>Neki od benefita koji se posti\u017eu na\u0161im anga\u017emanom:<\/p>\n\n\n\n<ul class=\"wp-block-list\"><li>ni\u017ei tro\u0161kovi<\/li><li>odgovornost za kvalitetu osigurateljnog pokri\u0107a (od strane posrednika za osiguranje\/brokera).<\/li><li>`Insurance pooling` \u2013 osiguranje imovine ustanova, poduze\u0107a i institucija, na svim lokacijama (opcija)<\/li><li>standardizacija pokri\u0107a, opsega i na\u010dina osiguranja \u2013 Master program<\/li><li>razmatranje modela All Risks pokri\u0107a po\u0161tuju\u0107i specifi\u010dnosti predmeta osiguranja i izlo\u017eenosti rizicima<\/li><li>kvalitetnije osiguravanje<\/li><li>optimizacija sigurnosti uz minimalizaciju tro\u0161kova<\/li><li>cjelovitije osigurateljno pokri\u0107e<\/li><li>bolja kontrola procesa osiguranja i naplate \u0161teta<\/li><\/ul>\n\n\n\n<p>Outsourcing dijela poslovanja i usluge kori\u0161tenja neovisnih stru\u010dnjaka tijekom svih procesa vezanih uz poslove osiguranja<\/p>\n","protected":false},"excerpt":{"rendered":"<p>Analiza postoje\u0107ih ugovorenih usluga osiguranja i osigurateljnih pokri\u0107a. Identifikacija, procjena i analiza rizika te revizija postoje\u0107ih osiguranja. Priprema i izrada natje\u010dajne dokumentacije za provo\u0111enje postupka (javne) nabave za usluge osiguranja. Usluga se, uglavnom, sastoji od sljede\u0107ih koraka: Analiza postoje\u0107ih ugovorenih [&hellip;]<\/p>\n","protected":false},"author":2,"featured_media":0,"parent":0,"menu_order":0,"comment_status":"closed","ping_status":"closed","template":"","meta":{"footnotes":""},"class_list":["post-38","page","type-page","status-publish","hentry"],"_links":{"self":[{"href":"https:\/\/www.interomnia.hr\/hr\/wp-json\/wp\/v2\/pages\/38","targetHints":{"allow":["GET"]}}],"collection":[{"href":"https:\/\/www.interomnia.hr\/hr\/wp-json\/wp\/v2\/pages"}],"about":[{"href":"https:\/\/www.interomnia.hr\/hr\/wp-json\/wp\/v2\/types\/page"}],"author":[{"embeddable":true,"href":"https:\/\/www.interomnia.hr\/hr\/wp-json\/wp\/v2\/users\/2"}],"replies":[{"embeddable":true,"href":"https:\/\/www.interomnia.hr\/hr\/wp-json\/wp\/v2\/comments?post=38"}],"version-history":[{"count":3,"href":"https:\/\/www.interomnia.hr\/hr\/wp-json\/wp\/v2\/pages\/38\/revisions"}],"predecessor-version":[{"id":240,"href":"https:\/\/www.interomnia.hr\/hr\/wp-json\/wp\/v2\/pages\/38\/revisions\/240"}],"wp:attachment":[{"href":"https:\/\/www.interomnia.hr\/hr\/wp-json\/wp\/v2\/media?parent=38"}],"curies":[{"name":"wp","href":"https:\/\/api.w.org\/{rel}","templated":true}]}}