{"id":25,"date":"2021-11-21T17:03:52","date_gmt":"2021-11-21T17:03:52","guid":{"rendered":"https:\/\/www.interomnia.hr\/?page_id=25"},"modified":"2021-11-21T20:42:11","modified_gmt":"2021-11-21T20:42:11","slug":"home","status":"publish","type":"page","link":"https:\/\/www.interomnia.hr\/hr\/home\/","title":{"rendered":"O nama"},"content":{"rendered":"\n<p>InterOmnia d.o.o. je dru\u0161tvo za brokerske poslove u osiguranju i reosiguranju osnovano 2013. godine od strane stru\u010dnjaka s dugogodi\u0161njim iskustvom u poslovima osiguranja, upravljanja rizicima, korporativnog upravljanja, financija i prava. Uz sjedi\u0161te dru\u0161tva u Zagrebu, imamo urede u Rijeci i Splitu, a na\u0161e usluge koriste klijenti iz \u010ditave Hrvatske, pa i iz regije. Posebno isti\u010demo da imamo mogu\u0107nost suradnje sa svim osigurateljima i reosigurateljima na podru\u010dju svih zemalja \u010dlanica EU.<\/p>\n\n\n\n<p>Razvojem tr\u017ei\u0161ta i novih kompleksnijih proizvoda te s ja\u010danjem konkurentnosti, raste i potreba za stru\u010dnim kadrom koji dobro poznaje tr\u017ei\u0161te, kupce i njihove potrebe, kao i ponu\u0111a\u010de sa cijelom paletom njihovih proizvoda i usluga. Brokeri mogu na najbolji na\u010din odgovoriti na potrebe svojih klijenata, posebice ako se uzme u obzir da klijenti nemaju nu\u017eno pristup svim informacijama ili im nedostaje znanja, stru\u010dnosti i iskustva kako bi bili u mogu\u0107nosti odabrati rje\u0161enje optimalno za njihovu organizaciju.<\/p>\n","protected":false},"excerpt":{"rendered":"<p>InterOmnia d.o.o. je dru\u0161tvo za brokerske poslove u osiguranju i reosiguranju osnovano 2013. godine od strane stru\u010dnjaka s dugogodi\u0161njim iskustvom u poslovima osiguranja, upravljanja rizicima, korporativnog upravljanja, financija i prava. Uz sjedi\u0161te dru\u0161tva u Zagrebu, imamo urede u Rijeci i [&hellip;]<\/p>\n","protected":false},"author":2,"featured_media":24,"parent":0,"menu_order":0,"comment_status":"closed","ping_status":"closed","template":"","meta":{"footnotes":""},"class_list":["post-25","page","type-page","status-publish","has-post-thumbnail","hentry"],"_links":{"self":[{"href":"https:\/\/www.interomnia.hr\/hr\/wp-json\/wp\/v2\/pages\/25","targetHints":{"allow":["GET"]}}],"collection":[{"href":"https:\/\/www.interomnia.hr\/hr\/wp-json\/wp\/v2\/pages"}],"about":[{"href":"https:\/\/www.interomnia.hr\/hr\/wp-json\/wp\/v2\/types\/page"}],"author":[{"embeddable":true,"href":"https:\/\/www.interomnia.hr\/hr\/wp-json\/wp\/v2\/users\/2"}],"replies":[{"embeddable":true,"href":"https:\/\/www.interomnia.hr\/hr\/wp-json\/wp\/v2\/comments?post=25"}],"version-history":[{"count":3,"href":"https:\/\/www.interomnia.hr\/hr\/wp-json\/wp\/v2\/pages\/25\/revisions"}],"predecessor-version":[{"id":203,"href":"https:\/\/www.interomnia.hr\/hr\/wp-json\/wp\/v2\/pages\/25\/revisions\/203"}],"wp:featuredmedia":[{"embeddable":true,"href":"https:\/\/www.interomnia.hr\/hr\/wp-json\/wp\/v2\/media\/24"}],"wp:attachment":[{"href":"https:\/\/www.interomnia.hr\/hr\/wp-json\/wp\/v2\/media?parent=25"}],"curies":[{"name":"wp","href":"https:\/\/api.w.org\/{rel}","templated":true}]}}