{"id":145,"date":"2021-11-21T18:44:24","date_gmt":"2021-11-21T18:44:24","guid":{"rendered":"https:\/\/www.interomnia.hr\/?page_id=145"},"modified":"2022-01-23T18:00:18","modified_gmt":"2022-01-23T18:00:18","slug":"korporativni-klijenti-2","status":"publish","type":"page","link":"https:\/\/www.interomnia.hr\/hr\/korporativni-klijenti-2\/","title":{"rendered":"Korporativni klijenti"},"content":{"rendered":"\n<p><strong>Usluga se, uglavnom, sastoji od sljede\u0107ih koraka:<\/strong><\/p>\n\n\n\n<ul class=\"wp-block-list\"><li>Analiza postoje\u0107ih ugovorenih usluga i (re)osigurateljnih pokri\u0107a.<\/li><li>Identifikacija, procjena i analiza rizika te revizija postoje\u0107ih osiguranja.<\/li><li>Priprema i izrada natje\u010dajne dokumentacije za pribavu ponuda usluga osiguranja.<\/li><li>Analiza pristiglih ponuda i prezentacija klijentu za odabir najbolje ocjenjene ponude.<\/li><li>Kontrola polica i njhove uskla\u0111enosti s ponudom iz provedenog natje\u010daja.<\/li><li>Pomo\u0107 klijentu tijekom procesa rje\u0161avanja od\u0161tetnih zahtjeva.<\/li><li>Pomo\u0107 klijentu vezano uz ostvarenje svih njegovih prava iz ugovora o osiguranju.<\/li><li>Pru\u017eaju\u0107i klijentima i prekograni\u010dne usluge, omogu\u0107avamo im standardizaciju pokri\u0107a kroz Master program i Insurance pooling<ul><li>\u00b4Insurance pooling\u00b4 = alat za postizanje sinergijskih u\u010dinaka i povoljnijih uvjeta osiguranja kroz udru\u017eivanje poslovnih jedinica i sagledavanje rizika u cjelini<\/li><li>Master program \u2013 standardizacija uvjeta i opsega pokri\u0107a uz po\u0161tivanje specifi\u010dnosti pojedine jedinice<\/li><\/ul><\/li><\/ul>\n\n\n\n<p><\/p>\n\n\n\n<p><strong>Klju\u010dni rizici:<\/strong><\/p>\n\n\n\n<p><\/p>\n\n\n\n<ul class=\"wp-block-list\"><li><u>Za\u0161tita imovine <\/u>\u2013 po\u017ear i dopunske opasnosti, potres, elementarne nepogode, provalna kra\u0111a i razbojstvo, vandalizam, lom stroja, usjevi, nasadi i \u017eivotinje,\u2026<\/li><li><u>Za\u0161tita prihoda <\/u>\u2013 osiguranje gubitka prihoda; odgovornost &#8211; javna, profesionalna, Menad\u017eerska odgovornost, osiguranje pronevjera, produktna odgovornost, Cyber rizici,&#8230;<\/li><li><u>Za\u0161tita zaposlenika <\/u>&#8211; osiguranje od nezgode, bolesti, smrti,\u2026<\/li><li><u>Za\u0161tita u prijevozu i transportu<\/u><\/li><li><u>Za\u0161tita vozila, plovila, letjelica, dronova,\u2026<\/u><\/li><\/ul>\n\n\n\n<p><\/p>\n\n\n\n<p><strong>Neki od benefita koji se posti\u017eu na\u0161im anga\u017emanom:<\/strong><\/p>\n\n\n\n<p><\/p>\n\n\n\n<ul class=\"wp-block-list\"><li>ni\u017ei tro\u0161kovi<\/li><li>odgovornost za kvalitetu osigurateljnog pokri\u0107a (od strane posrednika za osiguranje\/brokera).<\/li><li>standardizacija pokri\u0107a, opsega i na\u010dina osiguranja \u2013 Master program<\/li><li>kvalitetnije osiguravanje<\/li><li>optimizacija sigurnosti uz minimalizaciju tro\u0161kova<\/li><li>cjelovitije osigurateljno pokri\u0107e<\/li><li>bolja kontrola procesa osiguranja i naplate \u0161teta<\/li><li>outsourcing dijela poslovanja i usluge kori\u0161tenja neovisnih stru\u010dnjaka tijekom svih procesa vezanih uz poslove osiguranja<\/li><\/ul>\n\n\n\n<p><\/p>\n","protected":false},"excerpt":{"rendered":"<p>Usluga se, uglavnom, sastoji od sljede\u0107ih koraka: Analiza postoje\u0107ih ugovorenih usluga i (re)osigurateljnih pokri\u0107a. Identifikacija, procjena i analiza rizika te revizija postoje\u0107ih osiguranja. Priprema i izrada natje\u010dajne dokumentacije za pribavu ponuda usluga osiguranja. Analiza pristiglih ponuda i prezentacija klijentu za [&hellip;]<\/p>\n","protected":false},"author":2,"featured_media":0,"parent":0,"menu_order":0,"comment_status":"closed","ping_status":"closed","template":"","meta":{"footnotes":""},"class_list":["post-145","page","type-page","status-publish","hentry"],"_links":{"self":[{"href":"https:\/\/www.interomnia.hr\/hr\/wp-json\/wp\/v2\/pages\/145","targetHints":{"allow":["GET"]}}],"collection":[{"href":"https:\/\/www.interomnia.hr\/hr\/wp-json\/wp\/v2\/pages"}],"about":[{"href":"https:\/\/www.interomnia.hr\/hr\/wp-json\/wp\/v2\/types\/page"}],"author":[{"embeddable":true,"href":"https:\/\/www.interomnia.hr\/hr\/wp-json\/wp\/v2\/users\/2"}],"replies":[{"embeddable":true,"href":"https:\/\/www.interomnia.hr\/hr\/wp-json\/wp\/v2\/comments?post=145"}],"version-history":[{"count":5,"href":"https:\/\/www.interomnia.hr\/hr\/wp-json\/wp\/v2\/pages\/145\/revisions"}],"predecessor-version":[{"id":252,"href":"https:\/\/www.interomnia.hr\/hr\/wp-json\/wp\/v2\/pages\/145\/revisions\/252"}],"wp:attachment":[{"href":"https:\/\/www.interomnia.hr\/hr\/wp-json\/wp\/v2\/media?parent=145"}],"curies":[{"name":"wp","href":"https:\/\/api.w.org\/{rel}","templated":true}]}}