{"id":112,"date":"2021-11-21T18:32:15","date_gmt":"2021-11-21T18:32:15","guid":{"rendered":"https:\/\/www.interomnia.hr\/?page_id=112"},"modified":"2022-01-23T17:55:06","modified_gmt":"2022-01-23T17:55:06","slug":"iz-media","status":"publish","type":"page","link":"https:\/\/www.interomnia.hr\/hr\/iz-media\/","title":{"rendered":"Iz medija"},"content":{"rendered":"\n<p><strong>Brokeri u osiguranju u\u0161tede milijune kuna poreznih obveznika<\/strong><\/p>\n\n\n\n<p><a href=\"https:\/\/web.archive.org\/web\/20210302174723\/http:\/\/www.vecernji.hr\/biznis\/brokeri-osiguranju-ustede-milijune-kuna-poreznih-obveznika-clanak-621980\">http:\/\/www.vecernji.hr\/biznis\/brokeri-osiguranju-ustede-milijune-kuna-poreznih-obveznika-clanak-621980<\/a><\/p>\n\n\n\n<p>[Ve\u010dernji list, 02.10.2013.]<br><br><strong>Prihod brokera u osiguranju lani dosegnuo gotovo 50 milijuna kuna<\/strong><\/p>\n\n\n\n<p><a href=\"https:\/\/web.archive.org\/web\/20210302174723\/http:\/\/www.poslovni.hr\/trzista\/prihod-brokera-u-osiguranju-lani-dosegnuo-gotovo-50-milijuna-kuna-253558\">http:\/\/www.poslovni.hr\/trzista\/prihod-brokera-u-osiguranju-lani-dosegnuo-gotovo-50-milijuna-kuna-253558<br><br><\/a>[Poslovni dnevnik, 02.10.2013.]<br><br><strong>Brokeri u osiguranju \u0161tede milijune, a ne pla\u0107aju im &#8211; ni\u0161ta.<\/strong><\/p>\n\n\n\n<p><a href=\"https:\/\/web.archive.org\/web\/20210302174723\/http:\/\/www.vecernji.hr\/gospodarstvo\/brokeri-u-osiguranju-stede-milijune-a-ne-placaju-im-nista-999886\">http:\/\/www.vecernji.hr\/gospodarstvo\/brokeri-u-osiguranju-stede-milijune-a-ne-placaju-im-nista-999886<br><br><\/a>[Ve\u010dernji list, 13.4.2015.]<br><strong><br>Humanitarni koncert u rije\u010dkom kazali\u0161tu: Za obnovu prostora u dje\u010djoj bolnici treba 80.000,00 kn<\/strong><\/p>\n\n\n\n<p><a href=\"https:\/\/web.archive.org\/web\/20210302174723\/http:\/\/www.novilist.hr\/Vijesti\/Rijeka\/Humanitarni-koncert-u-rijeckom-kazalistu-Za-obnovu-prostora-u-Djecjoj-bolnici-treba-80.000-kuna\">http:\/\/www.novilist.hr\/Vijesti\/Rijeka\/Humanitarni-koncert-u-rijeckom-kazalistu-Za-obnovu-prostora-u-Djecjoj-bolnici-treba-80.000-kuna<br><\/a><br>[Novi list, 11.12.2015.]<br><br><strong>Fiumanka<\/strong><\/p>\n\n\n\n<p><a href=\"https:\/\/web.archive.org\/web\/20210302174723\/http:\/\/www.rijeka.hr\/PismoPodrske15Fiumanka\">http:\/\/www.rijeka.hr\/PismoPodrske15Fiumanka<\/a><\/p>\n\n\n\n<p><strong>Preuzimanje konkurentskog ksg brokera<\/strong><\/p>\n\n\n\n<p><a href=\"https:\/\/novac.jutarnji.hr\/novac\/aktualno\/interomnia-krece-u-preuzimanje-konkurentskog-ksg-brokera-15148172\">https:\/\/novac.jutarnji.hr\/novac\/aktualno\/interomnia-krece-u-preuzimanje-konkurentskog-ksg-brokera-15148172<\/a><\/p>\n\n\n\n<p><a href=\"https:\/\/www.seebiz.eu\/trzista\/interomnia-krece-u-preuzimanje-ksg-brokera\/270252\">https:\/\/www.seebiz.eu\/trzista\/interomnia-krece-u-preuzimanje-ksg-brokera\/270252<\/a><\/p>\n\n\n\n<p><a href=\"https:\/\/www.poslovni-savjetnik.com\/aktualno\/interomnia-krece-u-preuzimanje-konkurentskog-ksg-broker\">https:\/\/www.poslovni-savjetnik.com\/aktualno\/interomnia-krece-u-preuzimanje-konkurentskog-ksg-broker<\/a><\/p>\n","protected":false},"excerpt":{"rendered":"<p>Brokeri u osiguranju u\u0161tede milijune kuna poreznih obveznika http:\/\/www.vecernji.hr\/biznis\/brokeri-osiguranju-ustede-milijune-kuna-poreznih-obveznika-clanak-621980 [Ve\u010dernji list, 02.10.2013.] Prihod brokera u osiguranju lani dosegnuo gotovo 50 milijuna kuna http:\/\/www.poslovni.hr\/trzista\/prihod-brokera-u-osiguranju-lani-dosegnuo-gotovo-50-milijuna-kuna-253558 [Poslovni dnevnik, 02.10.2013.] Brokeri u osiguranju \u0161tede milijune, a ne pla\u0107aju im &#8211; ni\u0161ta. http:\/\/www.vecernji.hr\/gospodarstvo\/brokeri-u-osiguranju-stede-milijune-a-ne-placaju-im-nista-999886 [Ve\u010dernji list, [&hellip;]<\/p>\n","protected":false},"author":2,"featured_media":0,"parent":0,"menu_order":0,"comment_status":"closed","ping_status":"closed","template":"","meta":{"footnotes":""},"class_list":["post-112","page","type-page","status-publish","hentry"],"_links":{"self":[{"href":"https:\/\/www.interomnia.hr\/hr\/wp-json\/wp\/v2\/pages\/112","targetHints":{"allow":["GET"]}}],"collection":[{"href":"https:\/\/www.interomnia.hr\/hr\/wp-json\/wp\/v2\/pages"}],"about":[{"href":"https:\/\/www.interomnia.hr\/hr\/wp-json\/wp\/v2\/types\/page"}],"author":[{"embeddable":true,"href":"https:\/\/www.interomnia.hr\/hr\/wp-json\/wp\/v2\/users\/2"}],"replies":[{"embeddable":true,"href":"https:\/\/www.interomnia.hr\/hr\/wp-json\/wp\/v2\/comments?post=112"}],"version-history":[{"count":5,"href":"https:\/\/www.interomnia.hr\/hr\/wp-json\/wp\/v2\/pages\/112\/revisions"}],"predecessor-version":[{"id":248,"href":"https:\/\/www.interomnia.hr\/hr\/wp-json\/wp\/v2\/pages\/112\/revisions\/248"}],"wp:attachment":[{"href":"https:\/\/www.interomnia.hr\/hr\/wp-json\/wp\/v2\/media?parent=112"}],"curies":[{"name":"wp","href":"https:\/\/api.w.org\/{rel}","templated":true}]}}