{"id":111,"date":"2021-11-21T18:32:15","date_gmt":"2021-11-21T18:32:15","guid":{"rendered":"https:\/\/www.interomnia.hr\/?page_id=111"},"modified":"2023-02-22T08:27:44","modified_gmt":"2023-02-22T08:27:44","slug":"zaposljavanje-i-suradnje","status":"publish","type":"page","link":"https:\/\/www.interomnia.hr\/hr\/zaposljavanje-i-suradnje\/","title":{"rendered":"Zapo\u0161ljavanje i suradnje"},"content":{"rendered":"\n<p><strong>Zapo\u0161ljavanje<\/strong><\/p>\n\n\n\n<p>Trenutno nema otvorenih pozicija.<\/p>\n\n\n\n<p>Me\u0111utim, uvijek smo otvoreni za Va\u0161e prijedloge, te \u0107emo rado prou\u010diti Va\u0161 \u017eivotopis. Ako ste proaktivni, imate dobre organizacijske i komunikacijske vje\u0161tine, aktivno se slu\u017eite engleskim jezikom i\/ili njema\u010dkim te imate napredno znanje MS Office alata \u2013 javite nam se! Dosada\u0161nje iskustvo u osiguranju je prednost.<\/p>\n\n\n\n<p>\u017divotopis u <a href=\"http:\/\/europass.cedefop.europa.eu\/en\/documents\/curriculum-vitae\" data-type=\"URL\" data-id=\"http:\/\/europass.cedefop.europa.eu\/en\/documents\/curriculum-vitae\">Europass formatu<\/a> mo\u017eete poslati mailom na: <a href=\"mailto:interomnia@interomnia.hr\">interomnia@interomnia.hr<\/a><\/p>\n\n\n\n<p><strong>Suradnje<\/strong><\/p>\n\n\n\n<p>Otvoreni smo za suradnje s posrednicima u regiji &#8211; Va\u0161u okvirnu ponudu ili ideju za poslovnu suradnju mo\u017eete poslati na <a href=\"mailto:interomnia@interomnia.hr\">interomnia@interomnia.hr<\/a><\/p>\n\n\n\n<p>Suradnja s Ekonomskim fakultetom u Rijeci: Tra\u017eimo 2 studenta za stru\u010dnu praksu &#8211; u Zagrebu i Rijeci<\/p>\n\n\n\n<p><a href=\"https:\/\/strucnapraksa.efri.hr\/hr\/company\/335\/basic-info\">InterOmnia d.o.o. za brokerske poslove u osiguranju i reosiguranju (efri.hr)<\/a>?<\/p>\n","protected":false},"excerpt":{"rendered":"<p>Zapo\u0161ljavanje Trenutno nema otvorenih pozicija. Me\u0111utim, uvijek smo otvoreni za Va\u0161e prijedloge, te \u0107emo rado prou\u010diti Va\u0161 \u017eivotopis. Ako ste proaktivni, imate dobre organizacijske i komunikacijske vje\u0161tine, aktivno se slu\u017eite engleskim jezikom i\/ili njema\u010dkim te imate napredno znanje MS Office [&hellip;]<\/p>\n","protected":false},"author":2,"featured_media":0,"parent":0,"menu_order":0,"comment_status":"closed","ping_status":"closed","template":"","meta":{"footnotes":""},"class_list":["post-111","page","type-page","status-publish","hentry"],"_links":{"self":[{"href":"https:\/\/www.interomnia.hr\/hr\/wp-json\/wp\/v2\/pages\/111","targetHints":{"allow":["GET"]}}],"collection":[{"href":"https:\/\/www.interomnia.hr\/hr\/wp-json\/wp\/v2\/pages"}],"about":[{"href":"https:\/\/www.interomnia.hr\/hr\/wp-json\/wp\/v2\/types\/page"}],"author":[{"embeddable":true,"href":"https:\/\/www.interomnia.hr\/hr\/wp-json\/wp\/v2\/users\/2"}],"replies":[{"embeddable":true,"href":"https:\/\/www.interomnia.hr\/hr\/wp-json\/wp\/v2\/comments?post=111"}],"version-history":[{"count":6,"href":"https:\/\/www.interomnia.hr\/hr\/wp-json\/wp\/v2\/pages\/111\/revisions"}],"predecessor-version":[{"id":272,"href":"https:\/\/www.interomnia.hr\/hr\/wp-json\/wp\/v2\/pages\/111\/revisions\/272"}],"wp:attachment":[{"href":"https:\/\/www.interomnia.hr\/hr\/wp-json\/wp\/v2\/media?parent=111"}],"curies":[{"name":"wp","href":"https:\/\/api.w.org\/{rel}","templated":true}]}}