{"id":109,"date":"2021-11-21T18:32:15","date_gmt":"2021-11-21T18:32:15","guid":{"rendered":"https:\/\/www.interomnia.hr\/?page_id=109"},"modified":"2022-01-23T17:57:05","modified_gmt":"2022-01-23T17:57:05","slug":"misija-i-vizija","status":"publish","type":"page","link":"https:\/\/www.interomnia.hr\/hr\/misija-i-vizija\/","title":{"rendered":"Misija i vizija"},"content":{"rendered":"\n<p>Misija dru\u0161tva InterOmnia jest profesionalno i transparentno pru\u017eanje usluga brokerskih poslova u osiguranju i reosiguranju na\u0161im individualnim i korporativnim klijentima te javnim naru\u010diteljima uz osiguravanje najkvalitetnijeg pokri\u0107a sukladno provedenoj procjeni izlo\u017eenosti rizicima i prijedlozima o opsegu i na\u010dinu osiguranja. Kvalitetom usluga koje pru\u017eamo \u017eelimo graditi povjerenje klijenata i dugoro\u010dne poslovne odnose.<\/p>\n\n\n\n<p>Na\u0161a vizija je postati vode\u0107e dru\u0161tvo za brokerske poslove u osiguranju i reosiguranju te referentna to\u010dka za doma\u0107e i regionalne klijente u svim poslovima vezanim uz osiguranje.<\/p>\n","protected":false},"excerpt":{"rendered":"<p>Misija dru\u0161tva InterOmnia jest profesionalno i transparentno pru\u017eanje usluga brokerskih poslova u osiguranju i reosiguranju na\u0161im individualnim i korporativnim klijentima te javnim naru\u010diteljima uz osiguravanje najkvalitetnijeg pokri\u0107a sukladno provedenoj procjeni izlo\u017eenosti rizicima i prijedlozima o opsegu i na\u010dinu osiguranja. Kvalitetom [&hellip;]<\/p>\n","protected":false},"author":2,"featured_media":0,"parent":0,"menu_order":0,"comment_status":"closed","ping_status":"closed","template":"","meta":{"footnotes":""},"class_list":["post-109","page","type-page","status-publish","hentry"],"_links":{"self":[{"href":"https:\/\/www.interomnia.hr\/hr\/wp-json\/wp\/v2\/pages\/109","targetHints":{"allow":["GET"]}}],"collection":[{"href":"https:\/\/www.interomnia.hr\/hr\/wp-json\/wp\/v2\/pages"}],"about":[{"href":"https:\/\/www.interomnia.hr\/hr\/wp-json\/wp\/v2\/types\/page"}],"author":[{"embeddable":true,"href":"https:\/\/www.interomnia.hr\/hr\/wp-json\/wp\/v2\/users\/2"}],"replies":[{"embeddable":true,"href":"https:\/\/www.interomnia.hr\/hr\/wp-json\/wp\/v2\/comments?post=109"}],"version-history":[{"count":3,"href":"https:\/\/www.interomnia.hr\/hr\/wp-json\/wp\/v2\/pages\/109\/revisions"}],"predecessor-version":[{"id":249,"href":"https:\/\/www.interomnia.hr\/hr\/wp-json\/wp\/v2\/pages\/109\/revisions\/249"}],"wp:attachment":[{"href":"https:\/\/www.interomnia.hr\/hr\/wp-json\/wp\/v2\/media?parent=109"}],"curies":[{"name":"wp","href":"https:\/\/api.w.org\/{rel}","templated":true}]}}