{"id":103,"date":"2021-11-21T18:29:01","date_gmt":"2021-11-21T18:29:01","guid":{"rendered":"https:\/\/www.interomnia.hr\/?page_id=103"},"modified":"2022-09-05T08:52:06","modified_gmt":"2022-09-05T08:52:06","slug":"nas-tim","status":"publish","type":"page","link":"https:\/\/www.interomnia.hr\/hr\/nas-tim\/","title":{"rendered":"Na\u0161 tim"},"content":{"rendered":"\n<p>Specifi\u010dnost InterOmnie je multidisciplinarnost na\u0161eg tima \u2013 u njemu rade stru\u010dnjaci sa iskustvom u osiguranju i korporativnom upravljanju, trgova\u010dkom pravu i financijama, tako da smo u stanju sagledati potrebe na\u0161ih klijenata iz \u0161ire perspektive.<\/p>\n\n\n\n<p><a href=\"https:\/\/www.interomnia.hr\/wp-content\/uploads\/2022\/INFORMACIJE.pdf\">Op\u0107e informacije koje pru\u017ea posrednik u osiguranju.<\/a><\/p>\n\n\n\n<p><a href=\"https:\/\/www.interomnia.hr\/wp-content\/uploads\/2022\/Interomnia%20-%20General%20information.pdf\" data-type=\"URL\" data-id=\"https:\/\/www.interomnia.hr\/wp-content\/uploads\/2022\/Interomnia%20-%20General%20information.pdf\">General information provided by the insurance broker<\/a><\/p>\n","protected":false},"excerpt":{"rendered":"<p>Specifi\u010dnost InterOmnie je multidisciplinarnost na\u0161eg tima \u2013 u njemu rade stru\u010dnjaci sa iskustvom u osiguranju i korporativnom upravljanju, trgova\u010dkom pravu i financijama, tako da smo u stanju sagledati potrebe na\u0161ih klijenata iz \u0161ire perspektive. Op\u0107e informacije koje pru\u017ea posrednik u [&hellip;]<\/p>\n","protected":false},"author":2,"featured_media":0,"parent":0,"menu_order":0,"comment_status":"closed","ping_status":"closed","template":"","meta":{"footnotes":""},"class_list":["post-103","page","type-page","status-publish","hentry"],"_links":{"self":[{"href":"https:\/\/www.interomnia.hr\/hr\/wp-json\/wp\/v2\/pages\/103","targetHints":{"allow":["GET"]}}],"collection":[{"href":"https:\/\/www.interomnia.hr\/hr\/wp-json\/wp\/v2\/pages"}],"about":[{"href":"https:\/\/www.interomnia.hr\/hr\/wp-json\/wp\/v2\/types\/page"}],"author":[{"embeddable":true,"href":"https:\/\/www.interomnia.hr\/hr\/wp-json\/wp\/v2\/users\/2"}],"replies":[{"embeddable":true,"href":"https:\/\/www.interomnia.hr\/hr\/wp-json\/wp\/v2\/comments?post=103"}],"version-history":[{"count":7,"href":"https:\/\/www.interomnia.hr\/hr\/wp-json\/wp\/v2\/pages\/103\/revisions"}],"predecessor-version":[{"id":266,"href":"https:\/\/www.interomnia.hr\/hr\/wp-json\/wp\/v2\/pages\/103\/revisions\/266"}],"wp:attachment":[{"href":"https:\/\/www.interomnia.hr\/hr\/wp-json\/wp\/v2\/media?parent=103"}],"curies":[{"name":"wp","href":"https:\/\/api.w.org\/{rel}","templated":true}]}}