{"id":59,"date":"2021-11-21T17:36:48","date_gmt":"2021-11-21T17:36:48","guid":{"rendered":"https:\/\/www.interomnia.hr\/?page_id=59"},"modified":"2023-03-27T08:34:51","modified_gmt":"2023-03-27T08:34:51","slug":"drustvena-odgovornost","status":"publish","type":"page","link":"https:\/\/www.interomnia.hr\/en\/drustvena-odgovornost\/","title":{"rendered":"SOCIAL RESPONSIBILITY"},"content":{"rendered":"<p>Corporate social responsibility is one of our core values, and we decided to support the following events and organizations through sponsorships and donations:<\/p>\n\n\n\n<p>* Assistance to flood victims<\/p>\n\n\n\n<p>* Folk Cultural Association Srebrena Marina<\/p>\n\n\n\n<p>* International Institute of Natural Health<\/p>\n\n\n\n<p>* Fiumanka 2014<\/p>\n\n\n\n<p>* KBC Rijeka-donation to the Pediatric Clinic<\/p>\n\n\n\n<p>* Vindija baseball club<\/p>\n\n\n\n<p>* Tourist Board of Sisak \u2013 &#034;Christmas in the city&#034;<\/p>\n\n\n\n<p>* KK Cedevita<\/p>\n\n\n\n<p>* IV publishing \u2013 Internet, addiction and youth<\/p>\n\n\n\n<p>* Women&#039;s Handball Club Zamet Rijeka<\/p>\n\n\n\n<p>* Water Polo Club JUG Adriatic osiguranje from Dubrovnik<\/p>\n\n\n\n<p>* Andrija Mohorovin\u010di\u0107 Gymnasium from Rijeka<\/p>\n\n\n\n<p>* Humanitarian organization Dora from Zagreb<\/p>\n\n\n\n<p>* Association for the promotion and development of Education Servus<\/p>\n\n\n\n<p>* Water Polo Club Primorje-Erste bank<\/p>\n\n\n\n<p>* Andrija Mohorovi\u010di\u0107 Gymnasium<\/p>\n\n\n\n<p>* Association Pomak, Kutina<\/p>\n\n\n\n<p>* Ice Hockey Club, Sisak<\/p>\n\n\n\n<p>* Sijede vlasi Association, Zagreb,<\/p>\n\n\n\n<p>* Klub Powerlifting &amp; fitness, \u0160ibenik (boy weightlifter from \u0160ibenik)<\/p>\n\n\n\n<p>* VOH Association, Zagreb<\/p>\n\n\n\n<p>* DVD Spa\u010dva, Vinkovci<\/p>\n\n\n\n<p>* KK Kvarner, Rijeka<\/p>\n\n\n\n<p>* KK Sonik Puntamika, Zadar<\/p>\n\n\n\n<p>* Bridge club, Dubrovnik,<\/p>\n\n\n\n<p>* For the treatment of Tonka Jerkovi\u0107<\/p>\n\n\n\n<p>* Celtic Fantasy dance studio, Kashine (Irish step for Iris<\/p>\n\n\n\n<p>* Center for family, Pitoma\u010da, for Josip Frigan<\/p>\n\n\n\n<p>* Independent trade union HZZO for XII sports games<\/p>","protected":false},"excerpt":{"rendered":"<p>Dru\u0161tveno odgovorno poslovanje jedna je od na\u0161ih temeljnih vrijednosti, te smo odlu\u010dili podr\u017eati sljede\u0107a doga\u0111anja i organizacije kroz sponzorstva i donacije: \u00b7 Pomo\u0107 stradalima od poplave \u00b7 Pu\u010dka kulturna udruga Srebrena Marina \u00b7 Me\u0111unarodni institut prirodnog zdravlja \u00b7 Fiumanka 2014 [&hellip;]<\/p>\n","protected":false},"author":2,"featured_media":0,"parent":0,"menu_order":0,"comment_status":"closed","ping_status":"closed","template":"","meta":{"footnotes":""},"class_list":["post-59","page","type-page","status-publish","hentry"],"_links":{"self":[{"href":"https:\/\/www.interomnia.hr\/en\/wp-json\/wp\/v2\/pages\/59","targetHints":{"allow":["GET"]}}],"collection":[{"href":"https:\/\/www.interomnia.hr\/en\/wp-json\/wp\/v2\/pages"}],"about":[{"href":"https:\/\/www.interomnia.hr\/en\/wp-json\/wp\/v2\/types\/page"}],"author":[{"embeddable":true,"href":"https:\/\/www.interomnia.hr\/en\/wp-json\/wp\/v2\/users\/2"}],"replies":[{"embeddable":true,"href":"https:\/\/www.interomnia.hr\/en\/wp-json\/wp\/v2\/comments?post=59"}],"version-history":[{"count":9,"href":"https:\/\/www.interomnia.hr\/en\/wp-json\/wp\/v2\/pages\/59\/revisions"}],"predecessor-version":[{"id":277,"href":"https:\/\/www.interomnia.hr\/en\/wp-json\/wp\/v2\/pages\/59\/revisions\/277"}],"wp:attachment":[{"href":"https:\/\/www.interomnia.hr\/en\/wp-json\/wp\/v2\/media?parent=59"}],"curies":[{"name":"wp","href":"https:\/\/api.w.org\/{rel}","templated":true}]}}