{"id":40,"date":"2021-11-21T17:23:07","date_gmt":"2021-11-21T17:23:07","guid":{"rendered":"https:\/\/www.interomnia.hr\/?page_id=40"},"modified":"2021-11-21T20:20:11","modified_gmt":"2021-11-21T20:20:11","slug":"angazman-posrednika","status":"publish","type":"page","link":"https:\/\/www.interomnia.hr\/en\/angazman-posrednika\/","title":{"rendered":"Intermediary engagement"},"content":{"rendered":"<p>Stru\u010dnost posrednika u osiguranju vi\u0161e je od pukog osiguranja. Njihova obuka i iskustvo usredoto\u010deni su na odre\u0111ene vrste osiguranja, ali i upravljanje rizikom. Posrednik u osiguranju poma\u017ee i pojedincima i tvrtkama da dobiju pravo osiguranje za sebe, svoj dom, tvrtke i obitelj<\/p>\n\n\n\n<p><strong>Prednosti anga\u017eiranja brokera u osiguranju i reosiguranju<\/strong><\/p>\n\n\n\n<ul class=\"wp-block-list\"><li>U\u0161teda na vremenu i resursima unutar poduze\u0107a<br><\/li><li>Anga\u017eman brokera ne obvezuje naru\u010ditelja na nabavu usluga kroz postupak javne nabave<br><\/li><li>Mogu\u0107nost u\u0161teda na premiji osiguranja kroz optimizaciju postoje\u0107ih ugovora o osiguranju<br><\/li><li>Know how i iskustvo u analizi i procjeni rizika te ugovaranju optimalnog pokri\u0107a za klijenta<br><\/li><li>Stru\u010dna pomo\u0107 i savjetovanje u procesu rje\u0161avanja od\u0161tetnih zahtjeva i ostvarenja prava klijenta iz sklopljenih ugovora o osiguranju<br><\/li><li>Pristup osigurateljima i reosigurateljima na doma\u0107em i inozemnom tr\u017ei\u0161tu<\/li><li>U mogu\u0107nosti smo pozitivno odgovoriti na potrebe klijenata za specifi\u010dnim osigurateljnim pokri\u0107ima kroz uvo\u0111enje osigurateljnih programa sa svjetskih tr\u017ei\u0161ta kao i iniciranja novih pokri\u0107a<\/li><\/ul>","protected":false},"excerpt":{"rendered":"<p>Stru\u010dnost posrednika u osiguranju vi\u0161e je od pukog osiguranja. Njihova obuka i iskustvo usredoto\u010deni su na odre\u0111ene vrste osiguranja, ali i upravljanje rizikom. Posrednik u osiguranju poma\u017ee i pojedincima i tvrtkama da dobiju pravo osiguranje za sebe, svoj dom, tvrtke [&hellip;]<\/p>\n","protected":false},"author":2,"featured_media":0,"parent":0,"menu_order":0,"comment_status":"closed","ping_status":"closed","template":"","meta":{"footnotes":""},"class_list":["post-40","page","type-page","status-publish","hentry"],"_links":{"self":[{"href":"https:\/\/www.interomnia.hr\/en\/wp-json\/wp\/v2\/pages\/40","targetHints":{"allow":["GET"]}}],"collection":[{"href":"https:\/\/www.interomnia.hr\/en\/wp-json\/wp\/v2\/pages"}],"about":[{"href":"https:\/\/www.interomnia.hr\/en\/wp-json\/wp\/v2\/types\/page"}],"author":[{"embeddable":true,"href":"https:\/\/www.interomnia.hr\/en\/wp-json\/wp\/v2\/users\/2"}],"replies":[{"embeddable":true,"href":"https:\/\/www.interomnia.hr\/en\/wp-json\/wp\/v2\/comments?post=40"}],"version-history":[{"count":8,"href":"https:\/\/www.interomnia.hr\/en\/wp-json\/wp\/v2\/pages\/40\/revisions"}],"predecessor-version":[{"id":193,"href":"https:\/\/www.interomnia.hr\/en\/wp-json\/wp\/v2\/pages\/40\/revisions\/193"}],"wp:attachment":[{"href":"https:\/\/www.interomnia.hr\/en\/wp-json\/wp\/v2\/media?parent=40"}],"curies":[{"name":"wp","href":"https:\/\/api.w.org\/{rel}","templated":true}]}}