{"id":34,"date":"2021-11-21T17:17:12","date_gmt":"2021-11-21T17:17:12","guid":{"rendered":"https:\/\/www.interomnia.hr\/?page_id=34"},"modified":"2022-01-23T17:58:40","modified_gmt":"2022-01-23T17:58:40","slug":"usluge","status":"publish","type":"page","link":"https:\/\/www.interomnia.hr\/en\/usluge\/","title":{"rendered":"Services"},"content":{"rendered":"<p>Brokeri osiguranja rade za interes svojih klijenata sura\u0111uju\u0107i s razli\u010ditim osiguravaju\u0107im ku\u0107ama. Oni su specijalni savjetnici koji tvrtkinu menad\u017ementu poma\u017eu da izabere za svoju djelatnost najbolju policu osiguranja. Tako klijentu \u0161tede vrijeme, ali i kadar potreban za administriranje poslova osiguranja<\/p>\n\n\n\n<p><strong>Prednosti anga\u017eiranja brokera u osiguranju i reosiguranju<\/strong><\/p>\n\n\n\n<ul class=\"wp-block-list\"><li>U\u0161teda na vremenu i resursima unutar poduze\u0107a<br><\/li><li>Anga\u017eman brokera ne obvezuje naru\u010ditelja na nabavu usluga kroz postupak javne nabave<br><\/li><li>Mogu\u0107nost u\u0161teda na premiji osiguranja kroz optimizaciju postoje\u0107ih ugovora o osiguranju<br><\/li><li>Know how i iskustvo u analizi i procjeni rizika te ugovaranju optimalnog pokri\u0107a za klijenta<br><\/li><li>Stru\u010dna pomo\u0107 i savjetovanje u procesu rje\u0161avanja od\u0161tetnih zahtjeva i ostvarenja prava klijenta iz sklopljenih ugovora o osiguranju<br><\/li><li>Pristup osigurateljima i reosigurateljima na doma\u0107em i inozemnom tr\u017ei\u0161tu<\/li><\/ul>\n\n\n\n<ul class=\"wp-block-list\"><li>U mogu\u0107nosti smo pozitivno odgovoriti na potrebe klijenata za specifi\u010dnim osigurateljnim pokri\u0107ima kroz uvo\u0111enje osigurateljnih programa sa svjetskih tr\u017ei\u0161ta kao i iniciranja novih pokri\u0107a<br><\/li><\/ul>","protected":false},"excerpt":{"rendered":"<p>Brokeri osiguranja rade za interes svojih klijenata sura\u0111uju\u0107i s razli\u010ditim osiguravaju\u0107im ku\u0107ama. Oni su specijalni savjetnici koji tvrtkinu menad\u017ementu poma\u017eu da izabere za svoju djelatnost najbolju policu osiguranja. Tako klijentu \u0161tede vrijeme, ali i kadar potreban za administriranje poslova osiguranja [&hellip;]<\/p>\n","protected":false},"author":2,"featured_media":23,"parent":0,"menu_order":0,"comment_status":"closed","ping_status":"closed","template":"","meta":{"footnotes":""},"class_list":["post-34","page","type-page","status-publish","has-post-thumbnail","hentry"],"_links":{"self":[{"href":"https:\/\/www.interomnia.hr\/en\/wp-json\/wp\/v2\/pages\/34","targetHints":{"allow":["GET"]}}],"collection":[{"href":"https:\/\/www.interomnia.hr\/en\/wp-json\/wp\/v2\/pages"}],"about":[{"href":"https:\/\/www.interomnia.hr\/en\/wp-json\/wp\/v2\/types\/page"}],"author":[{"embeddable":true,"href":"https:\/\/www.interomnia.hr\/en\/wp-json\/wp\/v2\/users\/2"}],"replies":[{"embeddable":true,"href":"https:\/\/www.interomnia.hr\/en\/wp-json\/wp\/v2\/comments?post=34"}],"version-history":[{"count":5,"href":"https:\/\/www.interomnia.hr\/en\/wp-json\/wp\/v2\/pages\/34\/revisions"}],"predecessor-version":[{"id":250,"href":"https:\/\/www.interomnia.hr\/en\/wp-json\/wp\/v2\/pages\/34\/revisions\/250"}],"wp:featuredmedia":[{"embeddable":true,"href":"https:\/\/www.interomnia.hr\/en\/wp-json\/wp\/v2\/media\/23"}],"wp:attachment":[{"href":"https:\/\/www.interomnia.hr\/en\/wp-json\/wp\/v2\/media?parent=34"}],"curies":[{"name":"wp","href":"https:\/\/api.w.org\/{rel}","templated":true}]}}