{"id":148,"date":"2021-11-21T18:45:09","date_gmt":"2021-11-21T18:45:09","guid":{"rendered":"https:\/\/www.interomnia.hr\/?page_id=148"},"modified":"2022-01-23T18:08:22","modified_gmt":"2022-01-23T18:08:22","slug":"javni-narucitelji-2","status":"publish","type":"page","link":"https:\/\/www.interomnia.hr\/en\/javni-narucitelji-2\/","title":{"rendered":"Contracting authorities"},"content":{"rendered":"<p><strong>Service<\/strong> <strong>yes, for the most part,<\/strong> <strong>consists of the following steps:<\/strong><\/p>\n\n\n\n<p><\/p>\n\n\n\n<ul class=\"wp-block-list\"><li>Analysis of existing contractual insurance services and insurance coverage.<\/li><li>Identification, assessment and analysis of risks and auditing of existing insurance policies.<\/li><li>Preparation and preparation of tender documentation for the implementation of the (public) procurement procedure for insurance services.<\/li><li>Assistance in analysis of bids received.<\/li><\/ul>\n\n\n\n<ul class=\"wp-block-list\"><li>Control of insurance policies and their compliance with the offer from The conducted (public) tender.<\/li><li>Assistance to the client during the process of resolving claims as well as in the exercise of his rights under the insurance contract.<\/li><\/ul>\n\n\n\n<p><\/p>\n\n\n\n<p><strong>Activities related to the procurement of insurance services:<\/strong><\/p>\n\n\n\n<p><\/p>\n\n\n\n<p>Taking into account compliance with legal obligations, business strategy and company plans:<\/p>\n\n\n\n<ul class=\"wp-block-list\"><li>The Broker, in agreement with the contracting authority, prepares tender documentation for all types of property and other insurance;<\/li><li>Assists the client \/ contracting authority with its expertise and experience during the procurement process of insurance services;<\/li><li>Provides assistance in analyzing incoming bids;<\/li><li>Checks the accuracy and compliance of insurance policies with the offer of the selected tenderer based on the conducted (public) tender;<\/li><li>Assists the client in the process of resolving claims and exercising his rights from concluded insurance contracts.<\/li><\/ul>\n\n\n\n<p><\/p>\n\n\n\n<p><strong>Some of the benefits of our engagement:<\/strong><\/p>\n\n\n\n<p><\/p>\n\n\n\n<ul class=\"wp-block-list\"><li>lower costs<\/li><li>responsibility for the quality of insurance coverage (by the insurance broker\/broker).<\/li><li>&#039;Insurance pooling&#039; - insurance of assets of institutions, companies and institutions, in all locations (option)<\/li><li>standardization of coverage, scope and manner of Insurance-Master program<\/li><li>consideration of the model of all risks coverage respecting the specifics of the subject of insurance and risk exposure<\/li><li>better quality insurance<\/li><li>optimizing security while minimizing costs<\/li><li>full insurance coverage<\/li><li>better control of the insurance and damage recovery process<\/li><li>outsourcing part of the business and services of using independent experts during all processes related to insurance operations<\/li><\/ul>\n\n\n\n<p><\/p>","protected":false},"excerpt":{"rendered":"<p>Usluga se, uglavnom, sastoji od sljede\u0107ih koraka: Analiza postoje\u0107ih ugovorenih usluga osiguranja i osigurateljnih pokri\u0107a. Identifikacija, procjena i analiza rizika te revizija postoje\u0107ih osiguranja. Priprema i izrada natje\u010dajne dokumentacije za provo\u0111enje postupka (javne) nabave za usluge osiguranja. Pomo\u0107 u analizi [&hellip;]<\/p>\n","protected":false},"author":2,"featured_media":0,"parent":0,"menu_order":0,"comment_status":"closed","ping_status":"closed","template":"","meta":{"footnotes":""},"class_list":["post-148","page","type-page","status-publish","hentry"],"_links":{"self":[{"href":"https:\/\/www.interomnia.hr\/en\/wp-json\/wp\/v2\/pages\/148","targetHints":{"allow":["GET"]}}],"collection":[{"href":"https:\/\/www.interomnia.hr\/en\/wp-json\/wp\/v2\/pages"}],"about":[{"href":"https:\/\/www.interomnia.hr\/en\/wp-json\/wp\/v2\/types\/page"}],"author":[{"embeddable":true,"href":"https:\/\/www.interomnia.hr\/en\/wp-json\/wp\/v2\/users\/2"}],"replies":[{"embeddable":true,"href":"https:\/\/www.interomnia.hr\/en\/wp-json\/wp\/v2\/comments?post=148"}],"version-history":[{"count":6,"href":"https:\/\/www.interomnia.hr\/en\/wp-json\/wp\/v2\/pages\/148\/revisions"}],"predecessor-version":[{"id":254,"href":"https:\/\/www.interomnia.hr\/en\/wp-json\/wp\/v2\/pages\/148\/revisions\/254"}],"wp:attachment":[{"href":"https:\/\/www.interomnia.hr\/en\/wp-json\/wp\/v2\/media?parent=148"}],"curies":[{"name":"wp","href":"https:\/\/api.w.org\/{rel}","templated":true}]}}