{"id":145,"date":"2021-11-21T18:44:24","date_gmt":"2021-11-21T18:44:24","guid":{"rendered":"https:\/\/www.interomnia.hr\/?page_id=145"},"modified":"2022-01-23T18:00:18","modified_gmt":"2022-01-23T18:00:18","slug":"korporativni-klijenti-2","status":"publish","type":"page","link":"https:\/\/www.interomnia.hr\/en\/korporativni-klijenti-2\/","title":{"rendered":"Corporate clients"},"content":{"rendered":"<p><strong>The service, for the most part, consists of the following steps:<\/strong><\/p>\n\n\n\n<ul class=\"wp-block-list\"><li>Analysis of existing contractual services and (re)insurance coverage.<\/li><li>Identification, assessment and analysis of risks and auditing of existing insurance policies.<\/li><li>Preparation and preparation of tender documentation for the provision of insurance services.<\/li><li>Analysis of received offers and presentation to the client for selection of the best rated offer.<\/li><li>Control of policies and their compliance with the tender offer.<\/li><li>Assistance to the client during the settlement of claims.<\/li><li>Assistance to the client in connection with the realization of all his rights under the insurance contract.<\/li><li>Providing clients and cross-border services, we enable them to standardize coverage through the Master&#039;s program and Insurance pooling<ul><li>Insurance pooling = a tool for achieving synergistic effects and more favorable insurance conditions through the pooling of business units and the perception of risk as a whole<\/li><li>Master program \u2013 standardization of conditions and scope of coverage with respect to the specifics of the individual unit<\/li><\/ul><\/li><\/ul>\n\n\n\n<p><\/p>\n\n\n\n<p><strong>Key risks:<\/strong><\/p>\n\n\n\n<p><\/p>\n\n\n\n<ul class=\"wp-block-list\"><li><u>Property protection <\/u>- fire and additional hazards, earthquake, natural disasters, burglary and robbery, vandalism, machine breakdowns, crops, plantations and animals,\u2026<\/li><li><u>Income protection <\/u>- income loss insurance; liability-public, professional, managerial liability, insurance fraud, product liability, Cyber risks,\u2026<\/li><li><u>Employee protection <\/u>- accident, illness, death insurance,\u2026<\/li><li><u>Protection in transport and transport<\/u><\/li><li><u>Protection of vehicles, vessels, aircraft, drones,\u2026<\/u><\/li><\/ul>\n\n\n\n<p><\/p>\n\n\n\n<p><strong>Some of the benefits of our engagement:<\/strong><\/p>\n\n\n\n<p><\/p>\n\n\n\n<ul class=\"wp-block-list\"><li>lower costs<\/li><li>responsibility for the quality of insurance coverage (by the insurance broker\/broker).<\/li><li>standardization of coverage, scope and manner of Insurance-Master program<\/li><li>better quality insurance<\/li><li>optimizing security while minimizing costs<\/li><li>full insurance coverage<\/li><li>better control of the insurance and damage recovery process<\/li><li>outsourcing part of the business and services of using independent experts during all processes related to insurance operations<\/li><\/ul>\n\n\n\n<p><\/p>","protected":false},"excerpt":{"rendered":"<p>Usluga se, uglavnom, sastoji od sljede\u0107ih koraka: Analiza postoje\u0107ih ugovorenih usluga i (re)osigurateljnih pokri\u0107a. Identifikacija, procjena i analiza rizika te revizija postoje\u0107ih osiguranja. Priprema i izrada natje\u010dajne dokumentacije za pribavu ponuda usluga osiguranja. Analiza pristiglih ponuda i prezentacija klijentu za [&hellip;]<\/p>\n","protected":false},"author":2,"featured_media":0,"parent":0,"menu_order":0,"comment_status":"closed","ping_status":"closed","template":"","meta":{"footnotes":""},"class_list":["post-145","page","type-page","status-publish","hentry"],"_links":{"self":[{"href":"https:\/\/www.interomnia.hr\/en\/wp-json\/wp\/v2\/pages\/145","targetHints":{"allow":["GET"]}}],"collection":[{"href":"https:\/\/www.interomnia.hr\/en\/wp-json\/wp\/v2\/pages"}],"about":[{"href":"https:\/\/www.interomnia.hr\/en\/wp-json\/wp\/v2\/types\/page"}],"author":[{"embeddable":true,"href":"https:\/\/www.interomnia.hr\/en\/wp-json\/wp\/v2\/users\/2"}],"replies":[{"embeddable":true,"href":"https:\/\/www.interomnia.hr\/en\/wp-json\/wp\/v2\/comments?post=145"}],"version-history":[{"count":5,"href":"https:\/\/www.interomnia.hr\/en\/wp-json\/wp\/v2\/pages\/145\/revisions"}],"predecessor-version":[{"id":252,"href":"https:\/\/www.interomnia.hr\/en\/wp-json\/wp\/v2\/pages\/145\/revisions\/252"}],"wp:attachment":[{"href":"https:\/\/www.interomnia.hr\/en\/wp-json\/wp\/v2\/media?parent=145"}],"curies":[{"name":"wp","href":"https:\/\/api.w.org\/{rel}","templated":true}]}}