{"id":111,"date":"2021-11-21T18:32:15","date_gmt":"2021-11-21T18:32:15","guid":{"rendered":"https:\/\/www.interomnia.hr\/?page_id=111"},"modified":"2023-02-22T08:27:44","modified_gmt":"2023-02-22T08:27:44","slug":"zaposljavanje-i-suradnje","status":"publish","type":"page","link":"https:\/\/www.interomnia.hr\/en\/zaposljavanje-i-suradnje\/","title":{"rendered":"Employment and cooperation"},"content":{"rendered":"<p><strong>Employment<\/strong><\/p>\n\n\n\n<p>There are currently no open positions.<\/p>\n\n\n\n<p>However, we are always open to your suggestions and will be happy to study your resume. If you are proactive, have good organizational and communication skills, actively use English and\/or German and have advanced knowledge of MS Office tools- contact us! Previous experience in insurance is an advantage.<\/p>\n\n\n\n<p>Curriculum vitae <a href=\"http:\/\/europass.cedefop.europa.eu\/en\/documents\/curriculum-vitae\" data-type=\"URL\" data-id=\"http:\/\/europass.cedefop.europa.eu\/en\/documents\/curriculum-vitae\">Europass format<\/a> you can send an email to: <a href=\"mailto:interomnia@interomnia.hr\">interomnia@interomnia.hr<\/a><\/p>\n\n\n\n<p><strong>Cooperation<\/strong><\/p>\n\n\n\n<p>We are open for cooperation with intermediaries in the region \u2013 you can send your indicative offer or idea for business cooperation to <a href=\"mailto:interomnia@interomnia.hr\">interomnia@interomnia.hr<\/a><\/p>\n\n\n\n<p>Cooperation with the Faculty of Economics in Rijeka: we are looking for 2 students for professional practice-in Zagreb and Rijeka<\/p>\n\n\n\n<p><a href=\"https:\/\/strucnapraksa.efri.hr\/hr\/company\/335\/basic-info\">Interlude d.o.o. the insurance and reinsurance brokerage business efri.hr)<\/a>?<\/p>","protected":false},"excerpt":{"rendered":"<p>Zapo\u0161ljavanje Trenutno nema otvorenih pozicija. Me\u0111utim, uvijek smo otvoreni za Va\u0161e prijedloge, te \u0107emo rado prou\u010diti Va\u0161 \u017eivotopis. Ako ste proaktivni, imate dobre organizacijske i komunikacijske vje\u0161tine, aktivno se slu\u017eite engleskim jezikom i\/ili njema\u010dkim te imate napredno znanje MS Office [&hellip;]<\/p>\n","protected":false},"author":2,"featured_media":0,"parent":0,"menu_order":0,"comment_status":"closed","ping_status":"closed","template":"","meta":{"footnotes":""},"class_list":["post-111","page","type-page","status-publish","hentry"],"_links":{"self":[{"href":"https:\/\/www.interomnia.hr\/en\/wp-json\/wp\/v2\/pages\/111","targetHints":{"allow":["GET"]}}],"collection":[{"href":"https:\/\/www.interomnia.hr\/en\/wp-json\/wp\/v2\/pages"}],"about":[{"href":"https:\/\/www.interomnia.hr\/en\/wp-json\/wp\/v2\/types\/page"}],"author":[{"embeddable":true,"href":"https:\/\/www.interomnia.hr\/en\/wp-json\/wp\/v2\/users\/2"}],"replies":[{"embeddable":true,"href":"https:\/\/www.interomnia.hr\/en\/wp-json\/wp\/v2\/comments?post=111"}],"version-history":[{"count":6,"href":"https:\/\/www.interomnia.hr\/en\/wp-json\/wp\/v2\/pages\/111\/revisions"}],"predecessor-version":[{"id":272,"href":"https:\/\/www.interomnia.hr\/en\/wp-json\/wp\/v2\/pages\/111\/revisions\/272"}],"wp:attachment":[{"href":"https:\/\/www.interomnia.hr\/en\/wp-json\/wp\/v2\/media?parent=111"}],"curies":[{"name":"wp","href":"https:\/\/api.w.org\/{rel}","templated":true}]}}