{"id":109,"date":"2021-11-21T18:32:15","date_gmt":"2021-11-21T18:32:15","guid":{"rendered":"https:\/\/www.interomnia.hr\/?page_id=109"},"modified":"2022-01-23T17:57:05","modified_gmt":"2022-01-23T17:57:05","slug":"misija-i-vizija","status":"publish","type":"page","link":"https:\/\/www.interomnia.hr\/en\/misija-i-vizija\/","title":{"rendered":"Mission and vision"},"content":{"rendered":"<p>InterOmnia&#039;s mission is professional and transparent provision of insurance and reinsurance brokerage services to our individual and corporate clients and contracting authorities, providing the highest quality coverage in accordance with the conducted risk exposure assessment and proposals on the scope and manner of insurance. With the quality of the services we provide, we want to build customer trust and long-term business relationships.<\/p>\n\n\n\n<p>Our vision is to become a leading company for insurance and reinsurance brokerage and a reference point for domestic and regional clients in all insurance related business.<\/p>","protected":false},"excerpt":{"rendered":"<p>Misija dru\u0161tva InterOmnia jest profesionalno i transparentno pru\u017eanje usluga brokerskih poslova u osiguranju i reosiguranju na\u0161im individualnim i korporativnim klijentima te javnim naru\u010diteljima uz osiguravanje najkvalitetnijeg pokri\u0107a sukladno provedenoj procjeni izlo\u017eenosti rizicima i prijedlozima o opsegu i na\u010dinu osiguranja. Kvalitetom [&hellip;]<\/p>\n","protected":false},"author":2,"featured_media":0,"parent":0,"menu_order":0,"comment_status":"closed","ping_status":"closed","template":"","meta":{"footnotes":""},"class_list":["post-109","page","type-page","status-publish","hentry"],"_links":{"self":[{"href":"https:\/\/www.interomnia.hr\/en\/wp-json\/wp\/v2\/pages\/109","targetHints":{"allow":["GET"]}}],"collection":[{"href":"https:\/\/www.interomnia.hr\/en\/wp-json\/wp\/v2\/pages"}],"about":[{"href":"https:\/\/www.interomnia.hr\/en\/wp-json\/wp\/v2\/types\/page"}],"author":[{"embeddable":true,"href":"https:\/\/www.interomnia.hr\/en\/wp-json\/wp\/v2\/users\/2"}],"replies":[{"embeddable":true,"href":"https:\/\/www.interomnia.hr\/en\/wp-json\/wp\/v2\/comments?post=109"}],"version-history":[{"count":3,"href":"https:\/\/www.interomnia.hr\/en\/wp-json\/wp\/v2\/pages\/109\/revisions"}],"predecessor-version":[{"id":249,"href":"https:\/\/www.interomnia.hr\/en\/wp-json\/wp\/v2\/pages\/109\/revisions\/249"}],"wp:attachment":[{"href":"https:\/\/www.interomnia.hr\/en\/wp-json\/wp\/v2\/media?parent=109"}],"curies":[{"name":"wp","href":"https:\/\/api.w.org\/{rel}","templated":true}]}}